{"id":76,"date":"2021-09-21T14:20:17","date_gmt":"2021-09-21T14:20:17","guid":{"rendered":"https:\/\/www.ftaf.kooperativet.info\/?page_id=76"},"modified":"2024-08-10T09:38:41","modified_gmt":"2024-08-10T09:38:41","slug":"forside","status":"publish","type":"page","link":"https:\/\/www.ftaf.kooperativet.info\/","title":{"rendered":""},"content":{"rendered":"\n<div class=\"wp-block-cover alignfull\" style=\"min-height:172px;aspect-ratio:unset;\"><span aria-hidden=\"true\" class=\"wp-block-cover__background has-background-dim\"><\/span><img loading=\"lazy\" decoding=\"async\" width=\"960\" height=\"319\" class=\"wp-block-cover__image-background wp-image-180\" alt=\"\" src=\"http:\/\/www.ftaf.kooperativet.info\/wp-content\/uploads\/2021\/09\/banner-5255418_960_720.jpg\" data-object-fit=\"cover\" srcset=\"https:\/\/www.ftaf.kooperativet.info\/wp-content\/uploads\/2021\/09\/banner-5255418_960_720.jpg 960w, https:\/\/www.ftaf.kooperativet.info\/wp-content\/uploads\/2021\/09\/banner-5255418_960_720-300x100.jpg 300w, https:\/\/www.ftaf.kooperativet.info\/wp-content\/uploads\/2021\/09\/banner-5255418_960_720-768x255.jpg 768w\" sizes=\"auto, (max-width: 960px) 100vw, 960px\" \/><div class=\"wp-block-cover__inner-container is-layout-flow wp-block-cover-is-layout-flow\">\n<p class=\"has-text-align-center has-large-font-size\"> Velkommen til<br>Feldballe T\u00e5strup Antenneforening <\/p>\n<\/div><\/div>\n\n\n\n<div class=\"wp-block-columns alignwide is-style-default is-layout-flex wp-container-core-columns-is-layout-9d6595d7 wp-block-columns-is-layout-flex\">\n<div class=\"wp-block-column is-layout-flow wp-block-column-is-layout-flow\" style=\"flex-basis:50%\">\n<h2 class=\"wp-block-heading\">Vi er FTAF<\/h2>\n\n\n\n<h3 class=\"wp-block-heading has-normal-font-size\">Feldballe &#8211; T\u00e5strup Antenneforening er i dag oppe p\u00e5 ca. 200 medlemmer.<\/h3>\n\n\n\n<h3 class=\"wp-block-heading has-normal-font-size\">I november 2013 fik vi indlagt fiber i vor huse fra NRGI Fiber (som nu hedder Waoo).<\/h3>\n\n\n\n<h3 class=\"wp-block-heading has-normal-font-size\">&nbsp;<\/h3>\n\n\n\n<h3 class=\"wp-block-heading has-normal-font-size\">Ved at v\u00e6re medlem hos os, kan man opn\u00e5 rabatter p\u00e5 Waoo Internet og TV. Du bestemmer selv om du vil k\u00f8be b\u00e5de Internet og TV l\u00f8sning, eller om du\u00a0KUN\u00a0vil k\u00f8be Internet. Det er\u00a0IKKE\u00a0muligt at kun k\u00f8be TV-pakke uden Internet.<\/h3>\n\n\n\n<h3 class=\"wp-block-heading has-normal-font-size\">Her p\u00e5 hjemmesiden kan du s\u00f8ge informationer om priser p\u00e5 produkter samt andre relevante oplysninger og nyheder for vores nuv\u00e6rende medlemmer.<\/h3>\n\n\n\n<div class=\"wp-block-buttons is-layout-flex wp-block-buttons-is-layout-flex\">\n<div class=\"wp-block-button is-style-outline is-style-outline--1\"><a class=\"wp-block-button__link wp-element-button\" href=\"https:\/\/www.ftaf.kooperativet.info\/index.php\/tilmelding-og-afmelding-af-vores-forening\/\" style=\"border-radius:8px\" rel=\"https:\/\/www.ftaf.kooperativet.info\/index.php\/tilmelding-og-afmelding-af-vores-forening\/\">Tilmeld dig her<\/a><\/div>\n<\/div>\n<\/div>\n\n\n\n<div class=\"wp-block-column is-layout-flow wp-block-column-is-layout-flow\" style=\"flex-basis:50%\">\n<p><iframe loading=\"lazy\" style=\"border: none; overflow: hidden;\" src=\"https:\/\/www.facebook.com\/plugins\/page.php?href=https%3A%2F%2Fwww.facebook.com%2FFTAF.dk%2F&amp;tabs=timeline&amp;width=500&amp;height=1000&amp;small_header=true&amp;adapt_container_width=true&amp;hide_cover=false&amp;show_facepile=false&amp;appId\" width=\"500\" height=\"1000\" frameborder=\"0\" scrolling=\"no\" allowfullscreen=\"allowfullscreen\"><\/iframe><\/p>\n<\/div>\n<\/div>\n","protected":false},"excerpt":{"rendered":"<p>Vi er FTAF Feldballe &#8211; T\u00e5strup Antenneforening er i dag oppe p\u00e5 ca. 200 medlemmer. I november 2013 fik vi<\/p>\n","protected":false},"author":1,"featured_media":0,"parent":0,"menu_order":0,"comment_status":"closed","ping_status":"closed","template":"elementor_theme","meta":{"footnotes":""},"class_list":["post-76","page","type-page","status-publish","hentry"],"_links":{"self":[{"href":"https:\/\/www.ftaf.kooperativet.info\/index.php\/wp-json\/wp\/v2\/pages\/76","targetHints":{"allow":["GET"]}}],"collection":[{"href":"https:\/\/www.ftaf.kooperativet.info\/index.php\/wp-json\/wp\/v2\/pages"}],"about":[{"href":"https:\/\/www.ftaf.kooperativet.info\/index.php\/wp-json\/wp\/v2\/types\/page"}],"author":[{"embeddable":true,"href":"https:\/\/www.ftaf.kooperativet.info\/index.php\/wp-json\/wp\/v2\/users\/1"}],"replies":[{"embeddable":true,"href":"https:\/\/www.ftaf.kooperativet.info\/index.php\/wp-json\/wp\/v2\/comments?post=76"}],"version-history":[{"count":21,"href":"https:\/\/www.ftaf.kooperativet.info\/index.php\/wp-json\/wp\/v2\/pages\/76\/revisions"}],"predecessor-version":[{"id":256,"href":"https:\/\/www.ftaf.kooperativet.info\/index.php\/wp-json\/wp\/v2\/pages\/76\/revisions\/256"}],"wp:attachment":[{"href":"https:\/\/www.ftaf.kooperativet.info\/index.php\/wp-json\/wp\/v2\/media?parent=76"}],"curies":[{"name":"wp","href":"https:\/\/api.w.org\/{rel}","templated":true}]}}