{"id":42,"date":"2021-09-21T14:01:23","date_gmt":"2021-09-21T14:01:23","guid":{"rendered":"https:\/\/www.ftaf.kooperativet.info\/?page_id=42"},"modified":"2025-09-20T17:51:38","modified_gmt":"2025-09-20T17:51:38","slug":"priser-for-2021","status":"publish","type":"page","link":"https:\/\/www.ftaf.kooperativet.info\/index.php\/priser-for-2021\/","title":{"rendered":"Priser for 2025"},"content":{"rendered":"\t\t<div data-elementor-type=\"wp-page\" data-elementor-id=\"42\" class=\"elementor elementor-42\" data-elementor-settings=\"[]\">\n\t\t\t\t\t\t\t<div class=\"elementor-section-wrap\">\n\t\t\t\t\t\t\t<section class=\"elementor-section elementor-top-section elementor-element elementor-element-4e00ee1c elementor-section-boxed elementor-section-height-default elementor-section-height-default\" data-id=\"4e00ee1c\" data-element_type=\"section\" data-settings=\"{&quot;background_background&quot;:&quot;gradient&quot;}\">\n\t\t\t\t\t\t<div class=\"elementor-container elementor-column-gap-default\">\n\t\t\t\t\t<div class=\"elementor-column elementor-col-100 elementor-top-column elementor-element elementor-element-d9deae2\" data-id=\"d9deae2\" data-element_type=\"column\" data-settings=\"{&quot;background_background&quot;:&quot;gradient&quot;}\">\n\t\t\t<div class=\"elementor-widget-wrap elementor-element-populated\">\n\t\t\t\t\t\t\t\t<div class=\"elementor-element elementor-element-ca2bea1 elementor-widget elementor-widget-heading\" data-id=\"ca2bea1\" data-element_type=\"widget\" data-widget_type=\"heading.default\">\n\t\t\t\t<div class=\"elementor-widget-container\">\n\t\t\t<h1 class=\"elementor-heading-title elementor-size-xl\">Priser for 2025<\/h1>\t\t<\/div>\n\t\t\t\t<\/div>\n\t\t\t\t\t<\/div>\n\t\t<\/div>\n\t\t\t\t\t\t\t<\/div>\n\t\t<\/section>\n\t\t\t\t<section class=\"elementor-section elementor-top-section elementor-element elementor-element-efc11ae elementor-section-boxed elementor-section-height-default elementor-section-height-default\" data-id=\"efc11ae\" data-element_type=\"section\">\n\t\t\t\t\t\t<div class=\"elementor-container elementor-column-gap-default\">\n\t\t\t\t\t<div class=\"elementor-column elementor-col-100 elementor-top-column elementor-element elementor-element-7d69e46\" data-id=\"7d69e46\" data-element_type=\"column\">\n\t\t\t<div class=\"elementor-widget-wrap elementor-element-populated\">\n\t\t\t\t\t\t\t\t<div class=\"elementor-element elementor-element-0863ff3 elementor-widget elementor-widget-text-editor\" data-id=\"0863ff3\" data-element_type=\"widget\" data-widget_type=\"text-editor.default\">\n\t\t\t\t<div class=\"elementor-widget-container\">\n\t\t\t\t\t\t\t<p>\u00a0<\/p><h2><u>Kontingent<\/u><\/h2><h2><span style=\"font-size: 16px;\">Bor du i Feldballe-T\u00e5strup Antenneforenings omr\u00e5de f\u00e5r du automatisk vores foreningsrabat p\u00e5 dine Waoo produkter og bliver opkr\u00e6vet 8 kr pr kvartal sammen med faktura fra Waoo som betaling for foreningskontingent.<\/span><\/h2>\t\t\t\t\t\t<\/div>\n\t\t\t\t<\/div>\n\t\t\t\t\t<\/div>\n\t\t<\/div>\n\t\t\t\t\t\t\t<\/div>\n\t\t<\/section>\n\t\t\t\t<section class=\"elementor-section elementor-top-section elementor-element elementor-element-6de0fc3 elementor-section-boxed elementor-section-height-default elementor-section-height-default\" data-id=\"6de0fc3\" data-element_type=\"section\">\n\t\t\t\t\t\t<div class=\"elementor-container elementor-column-gap-default\">\n\t\t\t\t\t<div class=\"elementor-column elementor-col-100 elementor-top-column elementor-element elementor-element-17c98ce\" data-id=\"17c98ce\" data-element_type=\"column\">\n\t\t\t<div class=\"elementor-widget-wrap elementor-element-populated\">\n\t\t\t\t\t\t\t\t<div class=\"elementor-element elementor-element-bb346d8 elementor-widget elementor-widget-heading\" data-id=\"bb346d8\" data-element_type=\"widget\" data-widget_type=\"heading.default\">\n\t\t\t\t<div class=\"elementor-widget-container\">\n\t\t\t<h2 class=\"elementor-heading-title elementor-size-default\">Internet<\/h2>\t\t<\/div>\n\t\t\t\t<\/div>\n\t\t\t\t\t<\/div>\n\t\t<\/div>\n\t\t\t\t\t\t\t<\/div>\n\t\t<\/section>\n\t\t\t\t<section class=\"elementor-section elementor-top-section elementor-element elementor-element-4e7cbfb elementor-section-boxed elementor-section-height-default elementor-section-height-default\" data-id=\"4e7cbfb\" data-element_type=\"section\">\n\t\t\t\t\t\t<div class=\"elementor-container elementor-column-gap-default\">\n\t\t\t\t\t<div class=\"elementor-column elementor-col-33 elementor-top-column elementor-element elementor-element-c90c980\" data-id=\"c90c980\" data-element_type=\"column\">\n\t\t\t<div class=\"elementor-widget-wrap elementor-element-populated\">\n\t\t\t\t\t\t\t\t<div class=\"elementor-element elementor-element-8b627c9 elementor-widget elementor-widget-text-editor\" data-id=\"8b627c9\" data-element_type=\"widget\" data-widget_type=\"text-editor.default\">\n\t\t\t\t<div class=\"elementor-widget-container\">\n\t\t\t\t\t\t\t<h2>Privat Aftale<\/h2><h2 style=\"font-size: 16px;\">Waoo Fiber 100\/100 Mbit &#8211; 349 ,-<\/h2><div><h2 style=\"font-variant-ligatures: normal; font-variant-caps: normal; font-size: 16px; font-style: normal;\">Waoo Fiber 500\/500 Mbit &#8211; 369,-<\/h2><h2 style=\"font-variant-ligatures: normal; font-variant-caps: normal; font-size: 16px; font-style: normal;\">Waoo Fiber 1000\/1000 Mbit &#8211; 389,-<\/h2><\/div>\t\t\t\t\t\t<\/div>\n\t\t\t\t<\/div>\n\t\t\t\t\t<\/div>\n\t\t<\/div>\n\t\t\t\t<div class=\"elementor-column elementor-col-33 elementor-top-column elementor-element elementor-element-0c2ec5f\" data-id=\"0c2ec5f\" data-element_type=\"column\">\n\t\t\t<div class=\"elementor-widget-wrap elementor-element-populated\">\n\t\t\t\t\t\t\t\t<div class=\"elementor-element elementor-element-95782e2 elementor-widget elementor-widget-text-editor\" data-id=\"95782e2\" data-element_type=\"widget\" data-widget_type=\"text-editor.default\">\n\t\t\t\t<div class=\"elementor-widget-container\">\n\t\t\t\t\t\t\t<h2>Foreningsaftale<\/h2><h2 style=\"font-size: 16px;\"><span style=\"font-family: 'Open Sans', sans-serif; font-size: 16px; font-weight: normal;\">Fiber Basic 200\/200 Mbit\u00a0 &#8211; 259,-\u00a0<\/span><span style=\"font-size: 16px; font-style: normal; font-variant-ligatures: normal; font-variant-caps: normal; font-weight: 400; color: #7a7a7a; font-family: 'Open Sans', serif;\">(90,- i besparelse)<\/span><\/h2><h2 style=\"font-size: 16px;\">Fiber Extra 500\/500 Mbit &#8211;\u00a0 279,-\u00a0<span style=\"color: #7a7a7a; font-family: 'Open Sans', serif; font-size: 16px; font-style: normal; font-variant-ligatures: normal; font-variant-caps: normal; font-weight: 400;\">(90,- i besparelse)<\/span><\/h2><h2 style=\"font-size: 16px;\">Fiber Full 1000\/1000 MBit\u00a0 &#8211;\u00a0 289,-\u00a0<span style=\"color: #7a7a7a; font-family: 'Open Sans', serif; font-size: 16px; font-style: normal; font-variant-ligatures: normal; font-variant-caps: normal; font-weight: 400;\">(100,- i besparelse)<\/span><\/h2><div><b>\u00a0<\/b><\/div>\t\t\t\t\t\t<\/div>\n\t\t\t\t<\/div>\n\t\t\t\t\t<\/div>\n\t\t<\/div>\n\t\t\t\t<div class=\"elementor-column elementor-col-33 elementor-top-column elementor-element elementor-element-e86c151\" data-id=\"e86c151\" data-element_type=\"column\">\n\t\t\t<div class=\"elementor-widget-wrap elementor-element-populated\">\n\t\t\t\t\t\t\t\t<div class=\"elementor-element elementor-element-b7babd8 elementor-widget__width-inherit elementor-position-top elementor-vertical-align-top elementor-widget elementor-widget-image-box\" data-id=\"b7babd8\" data-element_type=\"widget\" data-widget_type=\"image-box.default\">\n\t\t\t\t<div class=\"elementor-widget-container\">\n\t\t\t<div class=\"elementor-image-box-wrapper\"><figure class=\"elementor-image-box-img\"><img loading=\"lazy\" decoding=\"async\" width=\"512\" height=\"512\" src=\"https:\/\/www.ftaf.kooperativet.info\/wp-content\/uploads\/2025\/09\/unnamed.png\" class=\"attachment-full size-full\" alt=\"\" \/><\/figure><\/div>\t\t<\/div>\n\t\t\t\t<\/div>\n\t\t\t\t\t<\/div>\n\t\t<\/div>\n\t\t\t\t\t\t\t<\/div>\n\t\t<\/section>\n\t\t\t\t<section class=\"elementor-section elementor-top-section elementor-element elementor-element-9ba776d elementor-section-boxed elementor-section-height-default elementor-section-height-default\" data-id=\"9ba776d\" data-element_type=\"section\">\n\t\t\t\t\t\t<div class=\"elementor-container elementor-column-gap-default\">\n\t\t\t\t\t<div class=\"elementor-column elementor-col-100 elementor-top-column elementor-element elementor-element-d178654\" data-id=\"d178654\" data-element_type=\"column\">\n\t\t\t<div class=\"elementor-widget-wrap elementor-element-populated\">\n\t\t\t\t\t\t\t\t<div class=\"elementor-element elementor-element-24b4aad elementor-widget__width-inherit elementor-widget elementor-widget-heading\" data-id=\"24b4aad\" data-element_type=\"widget\" data-widget_type=\"heading.default\">\n\t\t\t\t<div class=\"elementor-widget-container\">\n\t\t\t<h2 class=\"elementor-heading-title elementor-size-default\">TV<\/h2>\t\t<\/div>\n\t\t\t\t<\/div>\n\t\t\t\t\t<\/div>\n\t\t<\/div>\n\t\t\t\t\t\t\t<\/div>\n\t\t<\/section>\n\t\t\t\t<section class=\"elementor-section elementor-top-section elementor-element elementor-element-24f71b1 elementor-section-boxed elementor-section-height-default elementor-section-height-default\" data-id=\"24f71b1\" data-element_type=\"section\">\n\t\t\t\t\t\t<div class=\"elementor-container elementor-column-gap-default\">\n\t\t\t\t\t<div class=\"elementor-column elementor-col-33 elementor-top-column elementor-element elementor-element-8f96e60\" data-id=\"8f96e60\" data-element_type=\"column\">\n\t\t\t<div class=\"elementor-widget-wrap elementor-element-populated\">\n\t\t\t\t\t\t\t\t<div class=\"elementor-element elementor-element-187ac67 elementor-widget elementor-widget-text-editor\" data-id=\"187ac67\" data-element_type=\"widget\" data-widget_type=\"text-editor.default\">\n\t\t\t\t<div class=\"elementor-widget-container\">\n\t\t\t\t\t\t\t<h2>Privat Aftale<\/h2><p style=\"font-size: 16px;\">Waoo Lille Pakke 386,-<\/p><p style=\"font-size: 16px;\">Waoo Favorit Pakke 658,-<\/p><p style=\"font-size: 16px;\">Waoo Stor Pakke 831,-<\/p><p style=\"font-size: 16px;\"><b>OBS: Ved privat aftale skal <u>hvert<\/u> TV i hustanden have sin egen TV-boks til at v\u00e6lge kanaler p\u00e5 og hver boks skal lejes.<\/b><\/p>\t\t\t\t\t\t<\/div>\n\t\t\t\t<\/div>\n\t\t\t\t\t<\/div>\n\t\t<\/div>\n\t\t\t\t<div class=\"elementor-column elementor-col-33 elementor-top-column elementor-element elementor-element-acb64d3\" data-id=\"acb64d3\" data-element_type=\"column\">\n\t\t\t<div class=\"elementor-widget-wrap elementor-element-populated\">\n\t\t\t\t\t\t\t\t<div class=\"elementor-element elementor-element-ee4af2b elementor-widget elementor-widget-text-editor\" data-id=\"ee4af2b\" data-element_type=\"widget\" data-widget_type=\"text-editor.default\">\n\t\t\t\t<div class=\"elementor-widget-container\">\n\t\t\t\t\t\t\t<h2>Foreningsaftale<\/h2><p style=\"font-size: 16px;\">Lille Pakke 286,- (100,- i besparelse)<\/p><p style=\"font-size: 16px;\">Favorit Pakke 598,- (60,- i besparelse)<\/p><p style=\"font-size: 16px;\">Stor Pakke 771,- (60,- i besparelse)<\/p><p style=\"font-size: 16px;\"><b>OBS: Ved foreningsaftale kan man v\u00e6lge kanaler direkte p\u00e5 TV uden TV-boks p\u00e5 alle TV\u00a0 i husstanden uanset antal.<\/b><\/p>\t\t\t\t\t\t<\/div>\n\t\t\t\t<\/div>\n\t\t\t\t\t<\/div>\n\t\t<\/div>\n\t\t\t\t<div class=\"elementor-column elementor-col-33 elementor-top-column elementor-element elementor-element-615fdf7\" data-id=\"615fdf7\" data-element_type=\"column\">\n\t\t\t<div class=\"elementor-widget-wrap elementor-element-populated\">\n\t\t\t\t\t\t\t\t<div class=\"elementor-element elementor-element-86d7361 elementor-widget elementor-widget-image\" data-id=\"86d7361\" data-element_type=\"widget\" data-widget_type=\"image.default\">\n\t\t\t\t<div class=\"elementor-widget-container\">\n\t\t\t\t\t\t\t\t\t\t\t\t\t\t\t<img loading=\"lazy\" decoding=\"async\" width=\"225\" height=\"225\" src=\"https:\/\/www.ftaf.kooperativet.info\/wp-content\/uploads\/2021\/09\/images.png\" class=\"attachment-large size-large\" alt=\"\" srcset=\"https:\/\/www.ftaf.kooperativet.info\/wp-content\/uploads\/2021\/09\/images.png 225w, https:\/\/www.ftaf.kooperativet.info\/wp-content\/uploads\/2021\/09\/images-150x150.png 150w\" sizes=\"auto, (max-width: 225px) 100vw, 225px\" \/>\t\t\t\t\t\t\t\t\t\t\t\t\t\t\t<\/div>\n\t\t\t\t<\/div>\n\t\t\t\t\t<\/div>\n\t\t<\/div>\n\t\t\t\t\t\t\t<\/div>\n\t\t<\/section>\n\t\t\t\t<section class=\"elementor-section elementor-top-section elementor-element elementor-element-eedbe00 elementor-section-boxed elementor-section-height-default elementor-section-height-default\" data-id=\"eedbe00\" data-element_type=\"section\">\n\t\t\t\t\t\t<div class=\"elementor-container elementor-column-gap-default\">\n\t\t\t\t\t<div class=\"elementor-column elementor-col-100 elementor-top-column elementor-element elementor-element-36df297\" data-id=\"36df297\" data-element_type=\"column\">\n\t\t\t<div class=\"elementor-widget-wrap elementor-element-populated\">\n\t\t\t\t\t\t\t\t<div class=\"elementor-element elementor-element-ec13c8f elementor-button-info elementor-align-center elementor-widget elementor-widget-button\" data-id=\"ec13c8f\" data-element_type=\"widget\" data-widget_type=\"button.default\">\n\t\t\t\t<div class=\"elementor-widget-container\">\n\t\t\t\t\t<div class=\"elementor-button-wrapper\">\n\t\t\t<a href=\"https:\/\/fibia.dk\/privat\/tv-pakker\/\" class=\"elementor-button-link elementor-button elementor-size-md\" role=\"button\">\n\t\t\t\t\t\t<span class=\"elementor-button-content-wrapper\">\n\t\t\t\t\t\t<span class=\"elementor-button-text\">Se mere om TV-pakkernes indhold her<\/span>\n\t\t<\/span>\n\t\t\t\t\t<\/a>\n\t\t<\/div>\n\t\t\t\t<\/div>\n\t\t\t\t<\/div>\n\t\t\t\t\t<\/div>\n\t\t<\/div>\n\t\t\t\t\t\t\t<\/div>\n\t\t<\/section>\n\t\t\t\t<section class=\"elementor-section elementor-top-section elementor-element elementor-element-52bfd0d elementor-section-boxed elementor-section-height-default elementor-section-height-default\" data-id=\"52bfd0d\" data-element_type=\"section\">\n\t\t\t\t\t\t<div class=\"elementor-container elementor-column-gap-default\">\n\t\t\t\t\t<div class=\"elementor-column elementor-col-100 elementor-top-column elementor-element elementor-element-26adb5a\" data-id=\"26adb5a\" data-element_type=\"column\">\n\t\t\t<div class=\"elementor-widget-wrap\">\n\t\t\t\t\t\t\t\t\t<\/div>\n\t\t<\/div>\n\t\t\t\t\t\t\t<\/div>\n\t\t<\/section>\n\t\t\t\t\t\t<\/div>\n\t\t\t\t\t<\/div>\n\t\t","protected":false},"excerpt":{"rendered":"<p>Priser for 2025 \u00a0 Kontingent Bor du i Feldballe-T\u00e5strup Antenneforenings omr\u00e5de f\u00e5r du automatisk vores foreningsrabat p\u00e5 dine Waoo produkter<\/p>\n","protected":false},"author":1,"featured_media":0,"parent":0,"menu_order":0,"comment_status":"closed","ping_status":"closed","template":"","meta":{"footnotes":""},"class_list":["post-42","page","type-page","status-publish","hentry"],"_links":{"self":[{"href":"https:\/\/www.ftaf.kooperativet.info\/index.php\/wp-json\/wp\/v2\/pages\/42","targetHints":{"allow":["GET"]}}],"collection":[{"href":"https:\/\/www.ftaf.kooperativet.info\/index.php\/wp-json\/wp\/v2\/pages"}],"about":[{"href":"https:\/\/www.ftaf.kooperativet.info\/index.php\/wp-json\/wp\/v2\/types\/page"}],"author":[{"embeddable":true,"href":"https:\/\/www.ftaf.kooperativet.info\/index.php\/wp-json\/wp\/v2\/users\/1"}],"replies":[{"embeddable":true,"href":"https:\/\/www.ftaf.kooperativet.info\/index.php\/wp-json\/wp\/v2\/comments?post=42"}],"version-history":[{"count":85,"href":"https:\/\/www.ftaf.kooperativet.info\/index.php\/wp-json\/wp\/v2\/pages\/42\/revisions"}],"predecessor-version":[{"id":293,"href":"https:\/\/www.ftaf.kooperativet.info\/index.php\/wp-json\/wp\/v2\/pages\/42\/revisions\/293"}],"wp:attachment":[{"href":"https:\/\/www.ftaf.kooperativet.info\/index.php\/wp-json\/wp\/v2\/media?parent=42"}],"curies":[{"name":"wp","href":"https:\/\/api.w.org\/{rel}","templated":true}]}}