{"id":174,"date":"2021-09-22T20:14:59","date_gmt":"2021-09-22T20:14:59","guid":{"rendered":"https:\/\/www.ftaf.kooperativet.info\/?page_id=174"},"modified":"2021-09-22T20:16:49","modified_gmt":"2021-09-22T20:16:49","slug":"kontakt","status":"publish","type":"page","link":"https:\/\/www.ftaf.kooperativet.info\/index.php\/kontakt\/","title":{"rendered":"Kontakt os\u200b"},"content":{"rendered":"\n<p><strong>Feldballe-T\u00e5strup Antenneforening<\/strong><\/p>\n\n\n\n<p>\u200b<\/p>\n\n\n\n<p>Rolighedsvej 4\u200b<\/p>\n\n\n\n<p>8410 R\u00f8nde<\/p>\n\n\n\n<p>\u200b<\/p>\n\n\n\n<p>Tlf.:&nbsp;<a href=\"tel:29 84 84 52\">22 40 41 43<\/a>&nbsp;(Vi kan ikke hj\u00e6lpe fejl p\u00e5 TV og bredb\u00e5nd)<\/p>\n","protected":false},"excerpt":{"rendered":"<p>Feldballe-T\u00e5strup Antenneforening \u200b Rolighedsvej 4\u200b 8410 R\u00f8nde \u200b Tlf.:&nbsp;22 40 41 43&nbsp;(Vi kan ikke hj\u00e6lpe fejl p\u00e5 TV og bredb\u00e5nd)<\/p>\n","protected":false},"author":1,"featured_media":0,"parent":0,"menu_order":0,"comment_status":"closed","ping_status":"closed","template":"","meta":{"footnotes":""},"class_list":["post-174","page","type-page","status-publish","hentry"],"_links":{"self":[{"href":"https:\/\/www.ftaf.kooperativet.info\/index.php\/wp-json\/wp\/v2\/pages\/174","targetHints":{"allow":["GET"]}}],"collection":[{"href":"https:\/\/www.ftaf.kooperativet.info\/index.php\/wp-json\/wp\/v2\/pages"}],"about":[{"href":"https:\/\/www.ftaf.kooperativet.info\/index.php\/wp-json\/wp\/v2\/types\/page"}],"author":[{"embeddable":true,"href":"https:\/\/www.ftaf.kooperativet.info\/index.php\/wp-json\/wp\/v2\/users\/1"}],"replies":[{"embeddable":true,"href":"https:\/\/www.ftaf.kooperativet.info\/index.php\/wp-json\/wp\/v2\/comments?post=174"}],"version-history":[{"count":1,"href":"https:\/\/www.ftaf.kooperativet.info\/index.php\/wp-json\/wp\/v2\/pages\/174\/revisions"}],"predecessor-version":[{"id":176,"href":"https:\/\/www.ftaf.kooperativet.info\/index.php\/wp-json\/wp\/v2\/pages\/174\/revisions\/176"}],"wp:attachment":[{"href":"https:\/\/www.ftaf.kooperativet.info\/index.php\/wp-json\/wp\/v2\/media?parent=174"}],"curies":[{"name":"wp","href":"https:\/\/api.w.org\/{rel}","templated":true}]}}