{"id":171,"date":"2021-09-22T20:14:20","date_gmt":"2021-09-22T20:14:20","guid":{"rendered":"https:\/\/www.ftaf.kooperativet.info\/?page_id=171"},"modified":"2021-09-22T20:14:21","modified_gmt":"2021-09-22T20:14:21","slug":"teknisk-hjaelp","status":"publish","type":"page","link":"https:\/\/www.ftaf.kooperativet.info\/index.php\/teknisk-hjaelp\/","title":{"rendered":"Teknisk hj\u00e6lp"},"content":{"rendered":"\n<p>S\u00e5fremt at der kommer driftforstyrelse, fejl eller ligende vedr. jeres tv\/internet mv., s\u00e5 beder vi jer om, selv at unders\u00f8ge det ved Fibia eller Waoo! Vi har underst\u00e5ende lagt links og telefon nr. til teknisk hj\u00e6lp!<\/p>\n\n\n\n<p>\u200b<\/p>\n\n\n\n<p>Vedr\u00f8rende sp\u00f8rgsm\u00e5l til teknisk installation eller lignende.<\/p>\n\n\n\n<p>Ret henvendelse direkte til Fibia p\u00e5 Tlf: +4570292444<\/p>\n\n\n\n<p>\u200b<\/p>\n\n\n\n<p>Drift information fra Waoo kan ses&nbsp;<a href=\"http:\/\/www.waoo.dk\/driftsinfo\" target=\"_blank\" rel=\"noreferrer noopener\">her<\/a><\/p>\n\n\n\n<p>Drift information fra Fibia kan ses&nbsp;<a href=\"http:\/\/www.fibia.dk\/privat\/kundeservice\/kundecenter\/driftsinfo\/\" target=\"_blank\" rel=\"noreferrer noopener\">her<\/a>\u200b\u200b<\/p>\n\n\n\n<p>Vejledning til fiber boksen og frekvenslister til ops\u00e6tning af TV og kanaler (tr\u00e5dl\u00f8st internet osv) findes&nbsp;<a href=\"http:\/\/www.fibia.dk\/privat\/kundeservice\/vejledninger-dokumenter\/vejledninger\/\" target=\"_blank\" rel=\"noreferrer noopener\">her<\/a>\u200b<\/p>\n\n\n\n<p>Vejledning til Waoo Web TV findes&nbsp;<a href=\"https:\/\/www.ftaf.dk\/CustomerData\/Files\/Folders\/3-pdf\/21_brugerguide-waoo-web-tv-w04-2018-low-enkeltsidet-2.pdf\">her<\/a><\/p>\n","protected":false},"excerpt":{"rendered":"<p>S\u00e5fremt at der kommer driftforstyrelse, fejl eller ligende vedr. jeres tv\/internet mv., s\u00e5 beder vi jer om, selv at unders\u00f8ge<\/p>\n","protected":false},"author":1,"featured_media":0,"parent":0,"menu_order":0,"comment_status":"closed","ping_status":"closed","template":"","meta":{"footnotes":""},"class_list":["post-171","page","type-page","status-publish","hentry"],"_links":{"self":[{"href":"https:\/\/www.ftaf.kooperativet.info\/index.php\/wp-json\/wp\/v2\/pages\/171","targetHints":{"allow":["GET"]}}],"collection":[{"href":"https:\/\/www.ftaf.kooperativet.info\/index.php\/wp-json\/wp\/v2\/pages"}],"about":[{"href":"https:\/\/www.ftaf.kooperativet.info\/index.php\/wp-json\/wp\/v2\/types\/page"}],"author":[{"embeddable":true,"href":"https:\/\/www.ftaf.kooperativet.info\/index.php\/wp-json\/wp\/v2\/users\/1"}],"replies":[{"embeddable":true,"href":"https:\/\/www.ftaf.kooperativet.info\/index.php\/wp-json\/wp\/v2\/comments?post=171"}],"version-history":[{"count":1,"href":"https:\/\/www.ftaf.kooperativet.info\/index.php\/wp-json\/wp\/v2\/pages\/171\/revisions"}],"predecessor-version":[{"id":173,"href":"https:\/\/www.ftaf.kooperativet.info\/index.php\/wp-json\/wp\/v2\/pages\/171\/revisions\/173"}],"wp:attachment":[{"href":"https:\/\/www.ftaf.kooperativet.info\/index.php\/wp-json\/wp\/v2\/media?parent=171"}],"curies":[{"name":"wp","href":"https:\/\/api.w.org\/{rel}","templated":true}]}}