{"id":166,"date":"2021-09-22T20:13:46","date_gmt":"2021-09-22T20:13:46","guid":{"rendered":"https:\/\/www.ftaf.kooperativet.info\/?page_id=166"},"modified":"2021-09-22T20:13:47","modified_gmt":"2021-09-22T20:13:47","slug":"omraade","status":"publish","type":"page","link":"https:\/\/www.ftaf.kooperativet.info\/index.php\/omraade\/","title":{"rendered":"Omr\u00e5de"},"content":{"rendered":"\n<p>Efter aftale med FIBIA\/WAOO, er det alle de husstande der ligger indenfor det markerede omr\u00e5de der kan v\u00e6re med i foreningens l\u00f8sning med FIBIA\/WAOO.<\/p>\n\n\n\n<figure class=\"wp-block-image size-full\"><img loading=\"lazy\" decoding=\"async\" width=\"679\" height=\"960\" src=\"https:\/\/www.ftaf.kooperativet.info\/wp-content\/uploads\/2021\/09\/omraade_6-1.jpg\" alt=\"\" class=\"wp-image-168\" srcset=\"https:\/\/www.ftaf.kooperativet.info\/wp-content\/uploads\/2021\/09\/omraade_6-1.jpg 679w, https:\/\/www.ftaf.kooperativet.info\/wp-content\/uploads\/2021\/09\/omraade_6-1-212x300.jpg 212w\" sizes=\"auto, (max-width: 679px) 100vw, 679px\" \/><\/figure>\n","protected":false},"excerpt":{"rendered":"<p>Efter aftale med FIBIA\/WAOO, er det alle de husstande der ligger indenfor det markerede omr\u00e5de der kan v\u00e6re med i<\/p>\n","protected":false},"author":1,"featured_media":0,"parent":0,"menu_order":0,"comment_status":"closed","ping_status":"closed","template":"","meta":{"footnotes":""},"class_list":["post-166","page","type-page","status-publish","hentry"],"_links":{"self":[{"href":"https:\/\/www.ftaf.kooperativet.info\/index.php\/wp-json\/wp\/v2\/pages\/166","targetHints":{"allow":["GET"]}}],"collection":[{"href":"https:\/\/www.ftaf.kooperativet.info\/index.php\/wp-json\/wp\/v2\/pages"}],"about":[{"href":"https:\/\/www.ftaf.kooperativet.info\/index.php\/wp-json\/wp\/v2\/types\/page"}],"author":[{"embeddable":true,"href":"https:\/\/www.ftaf.kooperativet.info\/index.php\/wp-json\/wp\/v2\/users\/1"}],"replies":[{"embeddable":true,"href":"https:\/\/www.ftaf.kooperativet.info\/index.php\/wp-json\/wp\/v2\/comments?post=166"}],"version-history":[{"count":1,"href":"https:\/\/www.ftaf.kooperativet.info\/index.php\/wp-json\/wp\/v2\/pages\/166\/revisions"}],"predecessor-version":[{"id":170,"href":"https:\/\/www.ftaf.kooperativet.info\/index.php\/wp-json\/wp\/v2\/pages\/166\/revisions\/170"}],"wp:attachment":[{"href":"https:\/\/www.ftaf.kooperativet.info\/index.php\/wp-json\/wp\/v2\/media?parent=166"}],"curies":[{"name":"wp","href":"https:\/\/api.w.org\/{rel}","templated":true}]}}