{"id":154,"date":"2021-09-22T20:05:34","date_gmt":"2021-09-22T20:05:34","guid":{"rendered":"https:\/\/www.ftaf.kooperativet.info\/?page_id=154"},"modified":"2021-09-22T20:06:46","modified_gmt":"2021-09-22T20:06:46","slug":"vedtaegter","status":"publish","type":"page","link":"https:\/\/www.ftaf.kooperativet.info\/index.php\/vedtaegter\/","title":{"rendered":"Vedt\u00e6gter"},"content":{"rendered":"\n<p>\u00a7 1<\/p>\n\n\n\n<ol class=\"wp-block-list\"><li>Foreningens navn er Feldballe-T\u00e5strup Antenneforening.<\/li><\/ol>\n\n\n\n<p>\u200b<\/p>\n\n\n\n<p>\u00a7 2<\/p>\n\n\n\n<ol class=\"wp-block-list\"><li>Foreningens form\u00e5l er via eget bredb\u00e5ndskabelanl\u00e6g selv, &#8211; eller ved indg\u00e5else af aftale med tredjemand om dennes forsyning via det ham tilh\u00f8rende forsyningsnet &#8211; til foreningens medlemmer at udbyde:<\/li><\/ol>\n\n\n\n<p>a. Danske og udenlandske radio- og fjernsynskanaler<br>b. Kapacitet til brug for datatransmission (f.eks. internet, VPN forbindelser)<br>c. Serviceydelser som naturligt lader sig tilbyde over bredb\u00e5ndsanl\u00e6g (f.eks. telefoni)<\/p>\n\n\n\n<ol class=\"wp-block-list\" start=\"2\"><li>Udbud kan foretages af foreningen selv eller ved tidsbegr\u00e6nset overdragelse af transmissionskapacitet i nettet til tredjemand.<\/li><li>Foreningen kan tilslutte sig og eventuelt eje andele i andre foreninger, selskaber eller sammenslutninger, som har til form\u00e5l at fremme foreningens interesser.<\/li><li>Foreningens geografiske interesse omr\u00e5de er Feldballe og T\u00e5strup samt omegn.<\/li><\/ol>\n\n\n\n<p>\u00a7 3<\/p>\n\n\n\n<ol class=\"wp-block-list\"><li>Enhver, som har betalt tilslutningsbidrag til foreningen eller er tilsluttet foreningens bredb\u00e5ndsanl\u00e6g, er pligtige at v\u00e6re medlem af foreningen.<\/li><li>Enhver, som i foreningens forsyningsomr\u00e5de er tilsluttet det forsyningsnet tilh\u00f8rende tredjemand med hvem foreningen m\u00e5tte have indg\u00e5et aftale, kan efter anmodning optages i foreningen.<\/li><li>Enhver, som bor i foreningens forsyningsomr\u00e5de kan beg\u00e6re sig tilsluttet foreningens bredb\u00e5ndskabelanl\u00e6g eller det forsyningsnet tilh\u00f8rende tredjemand med hvem foreningen m\u00e5tte have indg\u00e5et aftale, mod at betale g\u00e6ldende tilslutningsafgift og under foruds\u00e6tning af, at forsyning umiddelbart kan finde sted uden udbygning af anl\u00e6gget. I modsat fald unders\u00f8ger foreningen mulighederne for forn\u00f8den udbygning, idet alle udgifter til forn\u00f8den udvidelse af anl\u00e6gget, der er n\u00f8dvendig for tilslutningen skal betales af de (t) nye medlem (mer) under beh\u00f8rig hensyntagen til yderligere udvidelsesmuligheder, der f\u00f8lger af udvidelsen. Ved tilslutning i forbindelse med byggemodning b\u00f8r udgifterne betales af den, der st\u00e5r for byggemodningen.<\/li><li>Foreningen er ikke forpligtiget til at opretholde signalforsyning til medlemmer som er tilsluttet forsyningsnet tilh\u00f8rende tredjemand s\u00e5fremt foreningens aftale med tredjemand oph\u00f8rer, og medlemmet p\u00e5 oph\u00f8rstidspunktet er bosiddende udenfor det omr\u00e5de som er d\u00e6kket af det foreningen tilh\u00f8rende bredb\u00e5ndskabelanl\u00e6g<\/li><\/ol>\n\n\n\n<p>\u200b<\/p>\n\n\n\n<p>\u00a7 4<\/p>\n\n\n\n<ol class=\"wp-block-list\"><li>Der opkr\u00e6ves hos medlemmerne et bidrag (kontingent) pr. husstand til d\u00e6kning af omkostningerne ved foreningens drift og vedligeholdelse.<\/li><li>I udlejningsejendomme opkr\u00e6ves bidraget hos ejeren for hvert lejem\u00e5l, der er tilsluttet anl\u00e6gget.<\/li><li>For nye medlemmer betales f\u00f8rste bidrag for den m\u00e5ned hvor indmeldelse finder sted.<\/li><li>\u00d8nsker en ejer af en udlejningsejendom ikke en kollektiv tilslutning kan en lejer dog selvst\u00e6ndig blive tilsluttet p\u00e5 lige fod med ejere. Lejeren b\u00e6rer det fulde ansvar for n\u00f8dvendig tilladelse fra ejeren. Ved fraflytning kan lejeren ikke flytte tilslutningen til en anden adresse.<\/li><\/ol>\n\n\n\n<p>\u200b<\/p>\n\n\n\n<p>\u00a7 5<\/p>\n\n\n\n<ol class=\"wp-block-list\"><li>Sammen med bidraget (kontingentet) opkr\u00e6ves hos den enkelte tilsluttede husstand tillige de bel\u00f8b, som f\u00f8lger af de ydelser (programforsyning, internetadgang m. v.) husstanden har valgt at modtage fra foreningen.<\/li><\/ol>\n\n\n\n<p>\u200b<\/p>\n\n\n\n<p>\u00a7 6<\/p>\n\n\n\n<ol class=\"wp-block-list\"><li>Medlemmerne er pligtige at t\u00e5le, at forbindelseskabler, forst\u00e6rkere og standere placeres ved eller p\u00e5 deres ejendom uden betaling fra foreningens side.<\/li><li>Medlemmerne afholder selv udgifterne til udbedring af de skader, de m\u00e5tte p\u00e5f\u00f8re forbindelseskabler, forst\u00e6rkere og standere, der findes p\u00e5 deres ejendom. Det samme g\u00e6lder hvis medlemmerne p\u00e5f\u00f8rer anl\u00e6gget skader uden for deres ejendom.<\/li><li>Eventuelle beskadigelser skal straks indberettes til bestyrelsen.<\/li><\/ol>\n\n\n\n<p>\u200b<\/p>\n\n\n\n<p>\u00a7 7<\/p>\n\n\n\n<ol class=\"wp-block-list\"><li>Medlemmernes modtagelser af ydelser fra foreningen sker i henhold til de til en hver tid g\u00e6ldende leveringsbetingelser. Disse skal g\u00f8res tilg\u00e6ngelige for medlemmerne enten ved omdeling eller gennem en p\u00e5 anl\u00e6gget v\u00e6rende info-kanal \/ tekst-tv eller p\u00e5 foreningens hjemmeside.<\/li><\/ol>\n\n\n\n<p>\u200b<\/p>\n\n\n\n<p>\u00a7 8<\/p>\n\n\n\n<ol class=\"wp-block-list\"><li>Ethvert medlem kan udmeldes af foreningen med 3 m\u00e5neders skriftligt varsel.<\/li><li>Ved udmeldelse er medlemmet ikke berettiget til at f\u00e5 nogen andel af foreningens formue udbetalt.<\/li><\/ol>\n\n\n\n<p>\u00a7 9<\/p>\n\n\n\n<ol class=\"wp-block-list\"><li>Generalforsamlingen er foreningens h\u00f8jeste myndighed.<\/li><\/ol>\n\n\n\n<p>\u200b<\/p>\n\n\n\n<p>\u00a7 10<\/p>\n\n\n\n<ol class=\"wp-block-list\"><li>Ordin\u00e6r generalforsamling afholdes hvert \u00e5r inden udgangen af oktober m\u00e5ned.<\/li><li>Generalforsamlingen indkaldes af bestyrelsen med mindst 14 dages varsel. Indkaldelsen skal indeholde dagsorden, tid og sted for generalforsamlingen samt oplysning om hvor regnskab for det forl\u00f8bne \u00e5r er fremlagt.<\/li><li>Dagsorden for den ordin\u00e6re generalforsamling skal mindst indeholde f\u00f8lgende punkter:<\/li><li>Valg af dirigent<\/li><li>Beretning om foreningens virksomhed i det forl\u00f8bne \u00e5r og planer for det kommende \u00e5r til godkendelse.<\/li><li>Afl\u00e6ggelse af regnskab for det forl\u00f8bne \u00e5r til godkendelse<\/li><li>Eventuelle forslag<\/li><li>Valg af bestyrelse og 2 bestyrelsessuppleanter<\/li><li>Valg af 2 revisorer og revisorsuppleant<\/li><li>Eventuelt<\/li><\/ol>\n\n\n\n<p>Forslag til behandling under dagsordenens punkt 4 skal, med navn og underskrift, tilsendes bestyrelsen v\/formanden senest 8 dage f\u00f8r generalforsamlingen finder sted.<\/p>\n\n\n\n<p>\u200b<\/p>\n\n\n\n<p>\u00a7 11<\/p>\n\n\n\n<ol class=\"wp-block-list\"><li>Ekstraordin\u00e6r generalforsamling kan indkaldes af bestyrelsen med 8 dages varsel.<\/li><li>Ekstraordin\u00e6r generalforsamling skal afholdes efter en til bestyrelsen v\/formanden fremsat skriftlig beg\u00e6ring med angiven dagsorden fra mindst 30 medlemmer, senest 14 dage efter en s\u00e5dan beg\u00e6ring er modtaget.<\/li><\/ol>\n\n\n\n<p>\u200b<\/p>\n\n\n\n<p>\u00a7 12<\/p>\n\n\n\n<ol class=\"wp-block-list\"><li>Alle beslutninger p\u00e5 en generalforsamling tr\u00e6ffes ved almindeligt stemmeflertal, med mindre andet fremg\u00e5r af disse vedt\u00e6gter. Afstemningsmetoden afg\u00f8res af dirigenten.<\/li><li>Den til enhver tid lovligt indvarslede generalforsamling er beslutningsdygtig. Kun fremm\u00f8dte medlemmer, som ikke er i restance til foreningen, kan afgive stemme p\u00e5 generalforsamlingen. Hver tilslutning af en husstand t\u00e6ller for et medlem og har s\u00e5ledes stemmeret.<\/li><li>I udlejningsejendomme har lejeren stemmeret for den tilsluttede husstand. En lejer, der \u00f8nsker at udnytte sin ret til at stemme, har over for dirigenten bevisbyrden for, at han er lejer i en husstand, der er tilsluttet anl\u00e6gget.<\/li><li>Bestyrelsen s\u00f8rger for der f\u00f8res protokol over generalforsamlingen.<\/li><\/ol>\n\n\n\n<p>\u200b<\/p>\n\n\n\n<p>\u00a7 13<\/p>\n\n\n\n<ol class=\"wp-block-list\"><li>Foreningen ledes af en bestyrelse best\u00e5ende af 5 medlemmer, der v\u00e6lges for 2 \u00e5r ad gangen. I \u00e5r med lige \u00e5rstal v\u00e6lges 2 medlemmer og i \u00e5r med ulige \u00e5rstal v\u00e6lges 3 medlemmer.<\/li><li>Bestyrelsen konstituerer sig selv med formand, n\u00e6stformand, kasserer og sekret\u00e6r.<\/li><li>Bestyrelsen fasts\u00e6tter tilslutningsafgiften.<\/li><li>Bestyrelsen fasts\u00e6tter det \u00e5rlige bidrag (kontingent).<\/li><\/ol>\n\n\n\n<p>\u200b<\/p>\n\n\n\n<p>\u00a7 14<\/p>\n\n\n\n<ol class=\"wp-block-list\"><li>Bestyrelsen skal have generalforsamlingens bemyndigelse til at optage g\u00e6ld.<\/li><li>Medlemmerne h\u00e6fter solidarisk for optaget g\u00e6ld. Ved optagelse af g\u00e6ld forpligtes medlemmerne ved underskrift af den samlede bestyrelse.<\/li><\/ol>\n\n\n\n<p>\u200b<\/p>\n\n\n\n<p>\u00a7 15<\/p>\n\n\n\n<ol class=\"wp-block-list\"><li>Erstatningskrav mod foreningen fra medlemmer som f\u00f8lge af direkte eller indirekte tab er udelukket, uanset om kravet hidr\u00f8rer fra skade p\u00e5 medlemmernes aktiver eller fra den programvirksomhed eller anden aktivitet, der formidles via foreningens bredb\u00e5ndsanl\u00e6g.<\/li><\/ol>\n\n\n\n<p>\u200b<\/p>\n\n\n\n<p>\u00a7 16<\/p>\n\n\n\n<ol class=\"wp-block-list\"><li>Foreningens regnskabs\u00e5r er fra 1. juli til 30. juni.<\/li><li>Bidrag og \u00f8vrige afgifter for leverancer betales forud. Dette g\u00e6lder ogs\u00e5 for afgifter foreningen opkr\u00e6ver for tredjemand med hvem foreningen m\u00e5tte have indg\u00e5et aftale.<\/li><li>For udlejningsejendomme og institutioner indbetaler bygningernes ejer bidrag og afgifter samlet.<\/li><li>Revision finder sted en gang \u00e5rligt efter regnskabets afslutning. Uanmeldt revision kan finde sted, n\u00e5r revisionen \u00f8nsker det.<\/li><\/ol>\n\n\n\n<p>\u200b<\/p>\n\n\n\n<p>\u00a7 17<\/p>\n\n\n\n<ol class=\"wp-block-list\"><li>Dersom et medlem ikke efter p\u00e5krav har indbetalt den p\u00e5hvilende forpligtigelse til kassereren, kan bestyrelsen overgive sagen til inkasso og lade medlemmets tilslutning til anl\u00e6gget afbryde. Medlemmet er pligtigt at betale samtlige udgifter, der er en f\u00f8lge af den manglende indbetaling.<\/li><li>Bestyrelsen kan fasts\u00e6tte faste tariffer herfor<\/li><\/ol>\n\n\n\n<p>\u200b<\/p>\n\n\n\n<p>\u00a7 18<\/p>\n\n\n\n<ol class=\"wp-block-list\"><li>Bredb\u00e5ndskabelanl\u00e6gget ejes af foreningen. Foreningens ejerskab best\u00e5r til og med fordeler skab i skel.<\/li><\/ol>\n\n\n\n<p>\u200b<\/p>\n\n\n\n<p>\u00a7 19<\/p>\n\n\n\n<ol class=\"wp-block-list\"><li>Ved ejerskifte kan den nye ejer indtr\u00e6de som medlem, s\u00e5fremt vedkommende enten betaler det tidligere medlems restancer eller den til enhver tid g\u00e6ldende tilslutningsafgift. I modsat fald er bestyrelsen berettiget til at afbryde tilslutningen til anl\u00e6gget.<\/li><li>Det er den tilflyttendes eget ansvar at meddele skiftet.<\/li><li>Fraflyttere kan ikke medtage den del af tilslutningen som tilh\u00f8rer foreningen eller den tredjemand med hvem foreningen har indg\u00e5et aftale.<\/li><\/ol>\n\n\n\n<p>\u200b<\/p>\n\n\n\n<p>\u00a7 20<\/p>\n\n\n\n<ol class=\"wp-block-list\"><li>Bestyrelsen s\u00f8rger for at anl\u00e6gget holdes ved lige, og at det forsikres i det omfang, bestyrelsen finder n\u00f8dvendigt.<\/li><\/ol>\n\n\n\n<p>\u200b<\/p>\n\n\n\n<p>\u00a7 21<\/p>\n\n\n\n<ol class=\"wp-block-list\"><li>Det er forbudt medlemmerne selv at foretage eller lade foretage indgreb eller \u00e6ndringer af anl\u00e6gget eller dele deraf, for s\u00e5 vidt ang\u00e5r den del af anl\u00e6gget, som tilh\u00f8rer foreningen, eller som tilh\u00f8rer den tredjemand, med hvem foreningen m\u00e5tte have indg\u00e5et aftale.<\/li><li>Det er ligeledes forbudt for medlemmerne at tilkoble eller lade tilkoble apparater eller lignende til anl\u00e6gget, som forstyrrer dette. I tilf\u00e6lde af vanr\u00f8gt eller misbrug af anl\u00e6gget kan bestyrelsen straks afbryde forbindelsen.<\/li><\/ol>\n\n\n\n<p>\u200b<\/p>\n\n\n\n<p>\u00a7 22<\/p>\n\n\n\n<ol class=\"wp-block-list\"><li>Medlemmerne stiller den forn\u00f8dne plads til r\u00e5dighed for kabler og de installationer, der m\u00e5tte v\u00e6re n\u00f8dvendige for den enkelte boligenhed.<\/li><li>Den tilsynsf\u00f8rende og reparat\u00f8rer har til enhver tid mod legitimation adgang til installationerne.<\/li><\/ol>\n\n\n\n<p>\u200b<\/p>\n\n\n\n<p>\u00a7 23<\/p>\n\n\n\n<ol class=\"wp-block-list\"><li>Bestyrelsen v\u00e6lger blandt sine medlemmer den, der skal f\u00f8re tilsyn med vedligeholdelsen af det foreningen tilh\u00f8rende anl\u00e6g.<\/li><li>Bestyrelsen skal sikre, at den forn\u00f8dne tekniske dokumentation for det foreningen tilh\u00f8rende anl\u00e6g er til stede og l\u00f8bende vedligeholdes.<\/li><\/ol>\n\n\n\n<p>\u200b<\/p>\n\n\n\n<p>\u00a7 24<\/p>\n\n\n\n<ol class=\"wp-block-list\"><li>Bestyrelsen kan beslutte at igangs\u00e6tte udvidelser af anl\u00e6ggets kapacitet og anvendelsesmuligheder, s\u00e5fremt s\u00e5danne beslutninger holder sig indenfor de rammer, der f\u00f8lger af tidligere generalforsamlingsbeslutninger.<\/li><li>Sammenl\u00e6gning af antenneanl\u00e6gget med antenneanl\u00e6g tilh\u00f8rende anden ejer samt etablering af f\u00e6lles signalforsyning med bredb\u00e5ndsanl\u00e6g tilh\u00f8rende anden ejer m\u00e5 kun gennemf\u00f8res efter at v\u00e6re vedtaget p\u00e5 en generalforsamling. Der skal i indkaldelsen v\u00e6re redegjort for forslaget, der skal optages som et selvst\u00e6ndigt punkt p\u00e5 dagsordenen.<\/li><\/ol>\n\n\n\n<p>\u200b<\/p>\n\n\n\n<p>\u00a7 25<\/p>\n\n\n\n<ol class=\"wp-block-list\"><li>N\u00e6rv\u00e6rende vedt\u00e6gter kan kun \u00e6ndres af en generalforsamling, hvor mindst 2\/3 af de fremm\u00f8dte stemmer for \u00e6ndringen. \u00c6ndringsforslag til vedt\u00e6gterne skal i deres fulde ordlyd v\u00e6re anf\u00f8rt i indkaldelsen til generalforsamlingen.<\/li><li>De til enhver tid g\u00e6ldende vedt\u00e6gter skal g\u00f8res tilg\u00e6ngelige for medlemmerne enten ved omdeling, gennem en p\u00e5 anl\u00e6gget v\u00e6rende info-kanal\/tekst-tv eller p\u00e5 foreningens hjemmeside.<\/li><\/ol>\n\n\n\n<p>\u200b<\/p>\n\n\n\n<p>\u00a7 26<\/p>\n\n\n\n<ol class=\"wp-block-list\"><li>Foreningens virksomhed oph\u00f8rer, hvis det besluttes at foreningen skal indg\u00e5 i en anden forening.<\/li><li>Oph\u00e6velse af foreningen kan kun ske ved at mindst 2\/3 af medlemmerne stemmer for oph\u00e6velsen.<\/li><li>S\u00e5fremt der ikke er fremm\u00f8dt 2\/3 af medlemmerne, skal oph\u00e6velsen af foreningen vedtages med 2\/3 af de fremm\u00f8dte stemmeberettigede, og der skal i s\u00e5 fald senest 30 dage efter holdes en ekstraordin\u00e6r generalforsamling, som indvarsles skriftligt med mindst 8 dages varsel.<\/li><li>S\u00e5fremt den ekstraordin\u00e6re generalforsamling med mindst 2\/3 af de fremm\u00f8dte stemmeberettigede vedtager, at forening skal oph\u00f8re, er dette g\u00e6ldende uanset antallet af fremm\u00f8dte.<\/li><li>Eventuelt overskud, efter at alle foreningens forpligtelser er d\u00e6kket, fordeles ligeligt mellem de p\u00e5 oph\u00f8rstidspunktet v\u00e6rende medlemmer.<\/li><\/ol>\n\n\n\n<p>\u200b<\/p>\n\n\n\n<p>\u00a7 27<\/p>\n\n\n\n<ol class=\"wp-block-list\"><li>Tvivlssp\u00f8rgsm\u00e5l vedr\u00f8rende fortolkningen af disse vedt\u00e6gter afg\u00f8res af generalforsamlingen.<\/li><\/ol>\n\n\n\n<p>\u200b<\/p>\n\n\n\n<p>S\u00e5ledes vedtaget p\u00e5 ekstraordin\u00e6r generalforsamling den 13. juni 2013.<\/p>\n","protected":false},"excerpt":{"rendered":"<p>\u00a7 1 Foreningens navn er Feldballe-T\u00e5strup Antenneforening. \u200b \u00a7 2 Foreningens form\u00e5l er via eget bredb\u00e5ndskabelanl\u00e6g selv, &#8211; eller ved<\/p>\n","protected":false},"author":1,"featured_media":0,"parent":0,"menu_order":0,"comment_status":"closed","ping_status":"closed","template":"","meta":{"footnotes":""},"class_list":["post-154","page","type-page","status-publish","hentry"],"_links":{"self":[{"href":"https:\/\/www.ftaf.kooperativet.info\/index.php\/wp-json\/wp\/v2\/pages\/154","targetHints":{"allow":["GET"]}}],"collection":[{"href":"https:\/\/www.ftaf.kooperativet.info\/index.php\/wp-json\/wp\/v2\/pages"}],"about":[{"href":"https:\/\/www.ftaf.kooperativet.info\/index.php\/wp-json\/wp\/v2\/types\/page"}],"author":[{"embeddable":true,"href":"https:\/\/www.ftaf.kooperativet.info\/index.php\/wp-json\/wp\/v2\/users\/1"}],"replies":[{"embeddable":true,"href":"https:\/\/www.ftaf.kooperativet.info\/index.php\/wp-json\/wp\/v2\/comments?post=154"}],"version-history":[{"count":2,"href":"https:\/\/www.ftaf.kooperativet.info\/index.php\/wp-json\/wp\/v2\/pages\/154\/revisions"}],"predecessor-version":[{"id":157,"href":"https:\/\/www.ftaf.kooperativet.info\/index.php\/wp-json\/wp\/v2\/pages\/154\/revisions\/157"}],"wp:attachment":[{"href":"https:\/\/www.ftaf.kooperativet.info\/index.php\/wp-json\/wp\/v2\/media?parent=154"}],"curies":[{"name":"wp","href":"https:\/\/api.w.org\/{rel}","templated":true}]}}